{"id":221,"date":"2025-12-01T18:15:59","date_gmt":"2025-12-01T15:15:59","guid":{"rendered":"https:\/\/www.jojarvi.com\/?page_id=221"},"modified":"2025-12-02T19:21:22","modified_gmt":"2025-12-02T16:21:22","slug":"5-5-demoja-ja-linkkeja","status":"publish","type":"page","link":"https:\/\/www.jojarvi.com\/index.php\/5-5-demoja-ja-linkkeja\/","title":{"rendered":"5\/5 Demoja ja linkkej\u00e4"},"content":{"rendered":"<section class=\"bde-section-221-100 bde-section\">\n  \n  \n\t\n\n\n\n<div class=\"section-container\"><h1 class=\"bde-heading-221-101 bde-heading\">\n5\/5 Musiikkin\u00e4ytteit\u00e4 ja linkkej\u00e4\n<\/h1><div class=\"bde-text-221-102 bde-text\">\nEi jaettavaksi\n<\/div><div class=\"bde-fancy-divider-221-103 bde-fancy-divider\">\n\n\n<div class=\"bde-fancy-divider__wrapper\">\n  <div class=\"bde-fancy-divider__separator   \">\n  \t  <\/div>\n<\/div>\n\n<\/div><\/div>\n<\/section><section class=\"bde-section-221-104 bde-section\">\n  \n  \n\t\n\n\n\n<div class=\"section-container\"><div class=\"bde-columns-221-105 bde-columns\"><div class=\"bde-column-221-106 bde-column\">\n  \n  \n\t\n\n\n\n<img decoding=\"async\" class=\"bde-image2-221-107 bde-image2\" src=\"https:\/\/www.jojarvi.com\/wp-content\/uploads\/2025\/09\/DSC_8722__edited.jpg\" loading=\"lazy\" srcset=\"https:\/\/www.jojarvi.com\/wp-content\/uploads\/2025\/09\/DSC_8722__edited.jpg 2366w, https:\/\/www.jojarvi.com\/wp-content\/uploads\/2025\/09\/DSC_8722__edited-300x220.jpg 300w, https:\/\/www.jojarvi.com\/wp-content\/uploads\/2025\/09\/DSC_8722__edited-1024x752.jpg 1024w, https:\/\/www.jojarvi.com\/wp-content\/uploads\/2025\/09\/DSC_8722__edited-768x564.jpg 768w, https:\/\/www.jojarvi.com\/wp-content\/uploads\/2025\/09\/DSC_8722__edited-1536x1128.jpg 1536w, https:\/\/www.jojarvi.com\/wp-content\/uploads\/2025\/09\/DSC_8722__edited-2048x1504.jpg 2048w\" sizes=\"(max-width: 2366px) 100vw, 2366px\"><div class=\"bde-text-221-108 bde-text\">\nPhoto: J-P Hopeavuori\n<\/div>\n<\/div><\/div><\/div>\n<\/section><section class=\"bde-section-221-113 bde-section\">\n  \n  \n\t\n\n\n\n<div class=\"section-container\"><h2 class=\"bde-heading-221-114 bde-heading\">\nMusiikkin\u00e4ytteit\u00e4\n<\/h2><div class=\"bde-rich-text-221-115 bde-rich-text breakdance-rich-text-styles\">\n<p>Alla on 5\/5 -yhtyeen omarahoitteisesti valmistamia demo\u00e4\u00e4nitteit\u00e4 s\u00e4vellyksist\u00e4, jotka toimivat vuoden 2026 aikana valmistettavan uuden ohjelmiston l\u00e4ht\u00f6kohtana. N\u00e4ytteist\u00e4 osa on l\u00e4hell\u00e4 teoksen lopullista muotoa, osa vaatii viel\u00e4 runsaasti ty\u00f6t\u00e4.<\/p>\n<hr \/>\n<p>S\u00e4velt\u00e4j\u00e4tiedot on ilmoitettu teoskohtaisesti, sovittajatiedot kyseisen \u00e4\u00e4nitteen mukaan. Osaa kappaleista on sovitettu ladattujen \u00e4\u00e4nitteiden j\u00e4lkeenkin, mutta niist\u00e4 ei ole ollut saatavilla soveltuvaa \u00e4\u00e4nitett\u00e4.<\/p>\n<\/div><div class=\"bde-columns-221-116 bde-columns\"><div class=\"bde-column-221-117 bde-column\">\n  \n  \n\t\n\n\n\n<h4 class=\"bde-heading-221-118 bde-heading\">\nRisusavotan polkka ja Mett\u00e4peipuusen polkka\n<\/h4><div class=\"bde-shortcodewrapper-221-119 bde-shortcodewrapper\"><audio class=\"wp-audio-shortcode\" id=\"audio-221-1\" preload=\"none\" style=\"width: 100%;\" controls=\"controls\"><source type=\"audio\/mpeg\" src=\"https:\/\/www.jojarvi.com\/wp-content\/uploads\/2025\/12\/Risusavotta-ja-Vienon-polkka-0.2.mp3?_=1\" \/><a href=\"https:\/\/www.jojarvi.com\/wp-content\/uploads\/2025\/12\/Risusavotta-ja-Vienon-polkka-0.2.mp3\">https:\/\/www.jojarvi.com\/wp-content\/uploads\/2025\/12\/Risusavotta-ja-Vienon-polkka-0.2.mp3<\/a><\/audio> <\/div><div class=\"bde-rich-text-221-120 bde-rich-text breakdance-rich-text-styles\">\n<p>S\u00e4velt\u00e4nyt: Arttu M\u00e4kel\u00e4<br \/>Sovittanut: 5\/5<\/p>\n<p>N\u00e4m\u00e4 kappaleet ovat \u00e4\u00e4nitteell\u00e4 sikerm\u00e4n\u00e4, mutta lopullisessa muodossaan molemmat itsen\u00e4isin\u00e4 teoksina<\/p>\n<\/div>\n<\/div><div class=\"bde-column-221-158 bde-column\">\n  \n  \n\t\n\n\n\n<h4 class=\"bde-heading-221-159 bde-heading\">\nRauhaniemeen\n<\/h4><div class=\"bde-shortcodewrapper-221-160 bde-shortcodewrapper\"><audio class=\"wp-audio-shortcode\" id=\"audio-221-2\" preload=\"none\" style=\"width: 100%;\" controls=\"controls\"><source type=\"audio\/mpeg\" src=\"https:\/\/www.jojarvi.com\/wp-content\/uploads\/2025\/12\/Rauhaniemeen-0.1.mp3?_=2\" \/><a href=\"https:\/\/www.jojarvi.com\/wp-content\/uploads\/2025\/12\/Rauhaniemeen-0.1.mp3\">https:\/\/www.jojarvi.com\/wp-content\/uploads\/2025\/12\/Rauhaniemeen-0.1.mp3<\/a><\/audio> <\/div><div class=\"bde-rich-text-221-161 bde-rich-text breakdance-rich-text-styles\">\n<p>S\u00e4velt\u00e4nyt: Joonas Ojaj\u00e4rvi<br \/>Sovittanut: 5\/5<\/p>\n<\/div>\n<\/div><\/div><div class=\"bde-columns-221-170 bde-columns\"><div class=\"bde-column-221-171 bde-column\">\n  \n  \n\t\n\n\n\n<h4 class=\"bde-heading-221-172 bde-heading\">\nHevonkoski here I come\n<\/h4><div class=\"bde-shortcodewrapper-221-173 bde-shortcodewrapper\"><audio class=\"wp-audio-shortcode\" id=\"audio-221-3\" preload=\"none\" style=\"width: 100%;\" controls=\"controls\"><source type=\"audio\/mpeg\" src=\"https:\/\/www.jojarvi.com\/wp-content\/uploads\/2025\/12\/Hevonkoski-0.1.mp3?_=3\" \/><a href=\"https:\/\/www.jojarvi.com\/wp-content\/uploads\/2025\/12\/Hevonkoski-0.1.mp3\">https:\/\/www.jojarvi.com\/wp-content\/uploads\/2025\/12\/Hevonkoski-0.1.mp3<\/a><\/audio> <\/div><div class=\"bde-rich-text-221-174 bde-rich-text breakdance-rich-text-styles\">\n<p>S\u00e4velt\u00e4nyt: Arttu M\u00e4kel\u00e4<br \/>Sovittanut: 5\/5<\/p>\n<\/div>\n<\/div><div class=\"bde-column-221-175 bde-column\">\n  \n  \n\t\n\n\n\n<h4 class=\"bde-heading-221-176 bde-heading\">\nOulun poika\n<\/h4><div class=\"bde-shortcodewrapper-221-177 bde-shortcodewrapper\"><audio class=\"wp-audio-shortcode\" id=\"audio-221-4\" preload=\"none\" style=\"width: 100%;\" controls=\"controls\"><source type=\"audio\/mpeg\" src=\"https:\/\/www.jojarvi.com\/wp-content\/uploads\/2025\/12\/Oulun-poika-demo.mp3?_=4\" \/><a href=\"https:\/\/www.jojarvi.com\/wp-content\/uploads\/2025\/12\/Oulun-poika-demo.mp3\">https:\/\/www.jojarvi.com\/wp-content\/uploads\/2025\/12\/Oulun-poika-demo.mp3<\/a><\/audio> <\/div><div class=\"bde-rich-text-221-178 bde-rich-text breakdance-rich-text-styles\">\n<p>S\u00e4velt\u00e4nyt: Arttu M\u00e4kel\u00e4<br \/>Sovittanut: Miia Palom\u00e4ki &amp; Arttu M\u00e4kel\u00e4<\/p>\n<\/div>\n<\/div><\/div><div class=\"bde-columns-221-179 bde-columns\"><div class=\"bde-column-221-180 bde-column\">\n  \n  \n\t\n\n\n\n<h4 class=\"bde-heading-221-181 bde-heading\">\nMegamanin siliavalssi\n<\/h4><div class=\"bde-shortcodewrapper-221-182 bde-shortcodewrapper\"><audio class=\"wp-audio-shortcode\" id=\"audio-221-5\" preload=\"none\" style=\"width: 100%;\" controls=\"controls\"><source type=\"audio\/mpeg\" src=\"https:\/\/www.jojarvi.com\/wp-content\/uploads\/2025\/12\/Megamanin-siliavalssi-demo.mp3?_=5\" \/><a href=\"https:\/\/www.jojarvi.com\/wp-content\/uploads\/2025\/12\/Megamanin-siliavalssi-demo.mp3\">https:\/\/www.jojarvi.com\/wp-content\/uploads\/2025\/12\/Megamanin-siliavalssi-demo.mp3<\/a><\/audio> <\/div><div class=\"bde-rich-text-221-183 bde-rich-text breakdance-rich-text-styles\">\n<p>S\u00e4velt\u00e4nyt: Joonas Ojaj\u00e4rvi<br \/>Sovittanut: Joonas Ojaj\u00e4rvi<\/p>\n<p>T\u00e4m\u00e4 on kappaleen alkuper\u00e4inen demo, jossa osaa soittimista mallinnetaan virtuaalisilla soittimilla<\/p>\n<\/div>\n<\/div><div class=\"bde-column-221-184 bde-column\">\n  \n  \n\t\n\n\n\n<h4 class=\"bde-heading-221-185 bde-heading\">\nTykky letares\n<\/h4><div class=\"bde-shortcodewrapper-221-186 bde-shortcodewrapper\"><audio class=\"wp-audio-shortcode\" id=\"audio-221-6\" preload=\"none\" style=\"width: 100%;\" controls=\"controls\"><source type=\"audio\/mpeg\" src=\"https:\/\/www.jojarvi.com\/wp-content\/uploads\/2025\/12\/Tykky-letares-demo.mp3?_=6\" \/><a href=\"https:\/\/www.jojarvi.com\/wp-content\/uploads\/2025\/12\/Tykky-letares-demo.mp3\">https:\/\/www.jojarvi.com\/wp-content\/uploads\/2025\/12\/Tykky-letares-demo.mp3<\/a><\/audio> <\/div><div class=\"bde-rich-text-221-187 bde-rich-text breakdance-rich-text-styles\">\n<p>S\u00e4velt\u00e4nyt: Lauri Kotam\u00e4ki<br \/>Sovittanut: Lauri Kotam\u00e4ki<\/p>\n<\/div>\n<\/div><\/div><div class=\"bde-columns-221-188 bde-columns\"><div class=\"bde-column-221-189 bde-column\">\n  \n  \n\t\n\n\n\n<h4 class=\"bde-heading-221-190 bde-heading\">\nKarkelovastuu\n<\/h4><div class=\"bde-shortcodewrapper-221-191 bde-shortcodewrapper\"><audio class=\"wp-audio-shortcode\" id=\"audio-221-7\" preload=\"none\" style=\"width: 100%;\" controls=\"controls\"><source type=\"audio\/mpeg\" src=\"https:\/\/www.jojarvi.com\/wp-content\/uploads\/2025\/12\/Vastuu-0.1.mp3?_=7\" \/><a href=\"https:\/\/www.jojarvi.com\/wp-content\/uploads\/2025\/12\/Vastuu-0.1.mp3\">https:\/\/www.jojarvi.com\/wp-content\/uploads\/2025\/12\/Vastuu-0.1.mp3<\/a><\/audio> <\/div><div class=\"bde-rich-text-221-192 bde-rich-text breakdance-rich-text-styles\">\n<p>S\u00e4velt\u00e4nyt: Lauri Kotam\u00e4ki<br \/>Sovittanut: 5\/5<\/p>\n<\/div>\n<\/div><div class=\"bde-column-221-193 bde-column\">\n  \n  \n\t\n\n\n\n<h4 class=\"bde-heading-221-194 bde-heading\">\nPohjanmaa\n<\/h4><div class=\"bde-shortcodewrapper-221-195 bde-shortcodewrapper\"><audio class=\"wp-audio-shortcode\" id=\"audio-221-8\" preload=\"none\" style=\"width: 100%;\" controls=\"controls\"><source type=\"audio\/mpeg\" src=\"https:\/\/www.jojarvi.com\/wp-content\/uploads\/2025\/12\/Pohjanmaa-kitaravalikkeella-1.3.2024-13.35.mp3?_=8\" \/><a href=\"https:\/\/www.jojarvi.com\/wp-content\/uploads\/2025\/12\/Pohjanmaa-kitaravalikkeella-1.3.2024-13.35.mp3\">https:\/\/www.jojarvi.com\/wp-content\/uploads\/2025\/12\/Pohjanmaa-kitaravalikkeella-1.3.2024-13.35.mp3<\/a><\/audio> <\/div><div class=\"bde-rich-text-221-196 bde-rich-text breakdance-rich-text-styles\">\n<p>S\u00e4velt\u00e4nyt: Lauri Kotam\u00e4ki<br \/>Sovittanut: Lauri Kotam\u00e4ki &amp; Arttu M\u00e4kel\u00e4<\/p>\n<\/div>\n<\/div><\/div><div class=\"bde-columns-221-197 bde-columns\"><div class=\"bde-column-221-198 bde-column\">\n  \n  \n\t\n\n\n\n<h4 class=\"bde-heading-221-199 bde-heading\">\nKuutamouistelu\n<\/h4><div class=\"bde-shortcodewrapper-221-200 bde-shortcodewrapper\"><audio class=\"wp-audio-shortcode\" id=\"audio-221-9\" preload=\"none\" style=\"width: 100%;\" controls=\"controls\"><source type=\"audio\/mpeg\" src=\"https:\/\/www.jojarvi.com\/wp-content\/uploads\/2025\/12\/Kuutamouistelu-demo.mp3?_=9\" \/><a href=\"https:\/\/www.jojarvi.com\/wp-content\/uploads\/2025\/12\/Kuutamouistelu-demo.mp3\">https:\/\/www.jojarvi.com\/wp-content\/uploads\/2025\/12\/Kuutamouistelu-demo.mp3<\/a><\/audio> <\/div><div class=\"bde-rich-text-221-201 bde-rich-text breakdance-rich-text-styles\">\n<p>S\u00e4velt\u00e4nyt: Arttu M\u00e4kel\u00e4 &amp; Miia Palom\u00e4ki<br \/>Sovittanut: Arttu M\u00e4kel\u00e4 &amp; Miia Palom\u00e4ki<\/p>\n<\/div>\n<\/div><div class=\"bde-column-221-202 bde-column\">\n  \n  \n\t\n\n\n\n<h4 class=\"bde-heading-221-203 bde-heading\">\nUuden tuulen hambo\n<\/h4><div class=\"bde-shortcodewrapper-221-204 bde-shortcodewrapper\"><audio class=\"wp-audio-shortcode\" id=\"audio-221-10\" preload=\"none\" style=\"width: 100%;\" controls=\"controls\"><source type=\"audio\/mpeg\" src=\"https:\/\/www.jojarvi.com\/wp-content\/uploads\/2025\/12\/Hambo.mp3?_=10\" \/><a href=\"https:\/\/www.jojarvi.com\/wp-content\/uploads\/2025\/12\/Hambo.mp3\">https:\/\/www.jojarvi.com\/wp-content\/uploads\/2025\/12\/Hambo.mp3<\/a><\/audio> <\/div><div class=\"bde-rich-text-221-205 bde-rich-text breakdance-rich-text-styles\">\n<p>S\u00e4velt\u00e4nyt: Arttu M\u00e4kel\u00e4<br \/>Sovittanut: Arttu M\u00e4kel\u00e4 &amp; Sampsa Kujala<\/p>\n<\/div>\n<\/div><\/div><div class=\"bde-columns-221-206 bde-columns\"><div class=\"bde-column-221-207 bde-column\">\n  \n  \n\t\n\n\n\n<h4 class=\"bde-heading-221-208 bde-heading\">\nTosi paksu tanko\n<\/h4><div class=\"bde-shortcodewrapper-221-209 bde-shortcodewrapper\"><audio class=\"wp-audio-shortcode\" id=\"audio-221-11\" preload=\"none\" style=\"width: 100%;\" controls=\"controls\"><source type=\"audio\/mpeg\" src=\"https:\/\/www.jojarvi.com\/wp-content\/uploads\/2025\/12\/Tango1.mp3?_=11\" \/><a href=\"https:\/\/www.jojarvi.com\/wp-content\/uploads\/2025\/12\/Tango1.mp3\">https:\/\/www.jojarvi.com\/wp-content\/uploads\/2025\/12\/Tango1.mp3<\/a><\/audio> <\/div><div class=\"bde-rich-text-221-210 bde-rich-text breakdance-rich-text-styles\">\n<p>S\u00e4velt\u00e4nyt: Joonas Ojaj\u00e4rvi<br \/>Sovittanut: Joonas Ojaj\u00e4rvi<\/p>\n<\/div>\n<\/div><div class=\"bde-column-221-268 bde-column\">\n  \n  \n\t\n\n\n\n<h4 class=\"bde-heading-221-269 bde-heading\">\nRiil Riil (Real Deal)\n<\/h4><div class=\"bde-shortcodewrapper-221-270 bde-shortcodewrapper\"><audio class=\"wp-audio-shortcode\" id=\"audio-221-12\" preload=\"none\" style=\"width: 100%;\" controls=\"controls\"><source type=\"audio\/mpeg\" src=\"https:\/\/www.jojarvi.com\/wp-content\/uploads\/2025\/12\/Reel1_2.mp3?_=12\" \/><a href=\"https:\/\/www.jojarvi.com\/wp-content\/uploads\/2025\/12\/Reel1_2.mp3\">https:\/\/www.jojarvi.com\/wp-content\/uploads\/2025\/12\/Reel1_2.mp3<\/a><\/audio> <\/div><div class=\"bde-rich-text-221-271 bde-rich-text breakdance-rich-text-styles\">\n<p>S\u00e4velt\u00e4nyt: Joonas Ojaj\u00e4rvi<br \/>Sovittanut: Joonas Ojaj\u00e4rvi<\/p>\n<\/div>\n<\/div><\/div><\/div>\n<\/section><section class=\"bde-section-221-215 bde-section\">\n  \n  \n\t\n\n\n\n<div class=\"section-container\"><h2 class=\"bde-heading-221-216 bde-heading\">\nLinkkej\u00e4\n<\/h2><div class=\"bde-rich-text-221-217 bde-rich-text breakdance-rich-text-styles\">\n<p>Linkkej\u00e4 erilaisiin julkisista l\u00e4hteist\u00e4 l\u00f6ytyviin viittauksiin 5\/5 -yhtyeen toiminnasta<\/p>\n<hr \/>\n<p>\u00a0<\/p>\n<\/div><div class=\"bde-columns-221-218 bde-columns\"><div class=\"bde-column-221-219 bde-column\">\n  \n  \n\t\n\n\n\n<div class=\"bde-rich-text-221-222 bde-rich-text breakdance-rich-text-styles\">\n<p><a href=\"https:\/\/youtu.be\/q-_Ostmv1YQ?si=aKsiVds-wzspD7wt\">5\/5 ja Virve Rosti <\/a><span style=\"font-weight: 400;\">SuomiLOVE:n 8. tuotantokauden 1. jakso, 5.3.2022.<br \/>Elementtej\u00e4 5\/5:n kappaleista <i>5\/5<\/i> ja <i>Wild Wide Lakeus <\/i>yhdistettyn\u00e4\u00a0Veikko Samulin ja Raul Reimanin teokseen <i>Huone 105<\/i>.<\/span><\/p>\n<\/div>\n<\/div><div class=\"bde-column-221-223 bde-column\">\n  \n  \n\t\n\n\n\n<div class=\"bde-rich-text-221-226 bde-rich-text breakdance-rich-text-styles\">\n<p><span style=\"font-weight: 400;\">\u00a05\/5:n kappale Urku-Elli joulukuussa 2022 esitetyss\u00e4 Dacian <\/span><a href=\"https:\/\/youtu.be\/V8l3o73fdWM?si=NaV9VN-wJAC7fZ8I\"><i><span style=\"font-weight: 400;\">We Found Santa <\/span><\/i><\/a><span style=\"font-weight: 400;\">-automainoksessa.<\/span><\/p>\n<\/div>\n<\/div><\/div><div class=\"bde-columns-221-227 bde-columns\"><div class=\"bde-column-221-228 bde-column\">\n  \n  \n\t\n\n\n\n<div class=\"bde-rich-text-221-231 bde-rich-text breakdance-rich-text-styles\">\n<p class=\"article__headline\">Ilkka Pohjalainen: \"<a href=\"https:\/\/www.ilkkapohjalainen.fi\/upea-yhteistyokonsertti-toi-lavalle-lahes-40-muusi\/12187908\">Upea yh\u00adteis\u00adty\u00f6\u00adkon\u00adsert\u00adti toi lavalle l\u00e4hes 40 muu\u00adsik\u00adkoa Sei\u00adn\u00e4\u00adjoel\u00adla \u2013 Etenkin nuoret soit\u00adta\u00adjat n\u00e4yt\u00adti\u00adv\u00e4t parasta osaa\u00admis\u00adtaan<\/a>\"\u00a0<\/p>\n<p>Lakeuden Lumo -yhteisty\u00f6projekti 5\/5:n, Etel\u00e4-Pohjanmaan musiikkiopiston ja Sein\u00e4joen Kaupunginorkesterin v\u00e4lill\u00e4.<\/p>\n<\/div>\n<\/div><\/div><\/div>\n<\/section>","protected":false},"excerpt":{"rendered":"<p>5\/5 Musiikkin\u00e4ytteit\u00e4 ja linkkej\u00e4 Ei jaettavaksi Photo: J-P Hopeavuori Musiikkin\u00e4ytteit\u00e4 Alla on 5\/5 -yhtyeen omarahoitteisesti valmistamia demo\u00e4\u00e4nitteit\u00e4 s\u00e4vellyksist\u00e4, jotka toimivat vuoden 2026 aikana valmistettavan uuden ohjelmiston l\u00e4ht\u00f6kohtana. N\u00e4ytteist\u00e4 osa on l\u00e4hell\u00e4 teoksen lopullista muotoa, osa vaatii viel\u00e4 runsaasti ty\u00f6t\u00e4. S\u00e4velt\u00e4j\u00e4tiedot on ilmoitettu teoskohtaisesti, sovittajatiedot kyseisen \u00e4\u00e4nitteen mukaan. Osaa kappaleista on sovitettu ladattujen \u00e4\u00e4nitteiden j\u00e4lkeenkin, mutta [&hellip;]<\/p>\n","protected":false},"author":1,"featured_media":0,"parent":0,"menu_order":0,"comment_status":"closed","ping_status":"closed","template":"","meta":{"_breakdance_hide_in_design_set":false,"_breakdance_tags":"","footnotes":""},"class_list":["post-221","page","type-page","status-publish","hentry"],"_links":{"self":[{"href":"https:\/\/www.jojarvi.com\/index.php\/wp-json\/wp\/v2\/pages\/221","targetHints":{"allow":["GET"]}}],"collection":[{"href":"https:\/\/www.jojarvi.com\/index.php\/wp-json\/wp\/v2\/pages"}],"about":[{"href":"https:\/\/www.jojarvi.com\/index.php\/wp-json\/wp\/v2\/types\/page"}],"author":[{"embeddable":true,"href":"https:\/\/www.jojarvi.com\/index.php\/wp-json\/wp\/v2\/users\/1"}],"replies":[{"embeddable":true,"href":"https:\/\/www.jojarvi.com\/index.php\/wp-json\/wp\/v2\/comments?post=221"}],"version-history":[{"count":13,"href":"https:\/\/www.jojarvi.com\/index.php\/wp-json\/wp\/v2\/pages\/221\/revisions"}],"predecessor-version":[{"id":248,"href":"https:\/\/www.jojarvi.com\/index.php\/wp-json\/wp\/v2\/pages\/221\/revisions\/248"}],"wp:attachment":[{"href":"https:\/\/www.jojarvi.com\/index.php\/wp-json\/wp\/v2\/media?parent=221"}],"curies":[{"name":"wp","href":"https:\/\/api.w.org\/{rel}","templated":true}]}}