{"id":161,"date":"2025-10-29T19:17:22","date_gmt":"2025-10-29T16:17:22","guid":{"rendered":"https:\/\/www.jojarvi.com\/?page_id=161"},"modified":"2025-12-01T18:14:46","modified_gmt":"2025-12-01T15:14:46","slug":"karot-work-in-progress","status":"publish","type":"page","link":"https:\/\/www.jojarvi.com\/index.php\/karot-work-in-progress\/","title":{"rendered":"K\u00e5rot Work in Progress"},"content":{"rendered":"<section class=\"bde-section-161-128 bde-section\">\n  \n  \n\t\n\n\n\n<div class=\"section-container\"><h1 class=\"bde-heading-161-129 bde-heading\">\nK\u00e5rot Work in Progress\n<\/h1><div class=\"bde-text-161-130 bde-text\">\nNot for sharing \/ Ei jaettavaksi\n<\/div><div class=\"bde-fancy-divider-161-131 bde-fancy-divider\">\n\n\n<div class=\"bde-fancy-divider__wrapper\">\n  <div class=\"bde-fancy-divider__separator   \">\n  \t  <\/div>\n<\/div>\n\n<\/div><\/div>\n<\/section><section class=\"bde-section-161-132 bde-section\">\n  \n  \n\t\n\n\n\n<div class=\"section-container\"><div class=\"bde-columns-161-133 bde-columns\"><div class=\"bde-column-161-134 bde-column\">\n  \n  \n\t\n\n\n\n<img decoding=\"async\" class=\"bde-image2-161-135 bde-image2\" src=\"https:\/\/www.jojarvi.com\/wp-content\/uploads\/2025\/09\/Duokuva1.png\" loading=\"lazy\" srcset=\"https:\/\/www.jojarvi.com\/wp-content\/uploads\/2025\/09\/Duokuva1.png 2175w, https:\/\/www.jojarvi.com\/wp-content\/uploads\/2025\/09\/Duokuva1-300x290.png 300w, https:\/\/www.jojarvi.com\/wp-content\/uploads\/2025\/09\/Duokuva1-1024x988.png 1024w, https:\/\/www.jojarvi.com\/wp-content\/uploads\/2025\/09\/Duokuva1-768x741.png 768w, https:\/\/www.jojarvi.com\/wp-content\/uploads\/2025\/09\/Duokuva1-1536x1482.png 1536w, https:\/\/www.jojarvi.com\/wp-content\/uploads\/2025\/09\/Duokuva1-2048x1976.png 2048w\" sizes=\"(max-width: 2175px) 100vw, 2175px\"><div class=\"bde-text-161-136 bde-text\">\nPhoto: Joonas Ojaj\u00e4rvi\n<\/div>\n<\/div><div class=\"bde-column-161-137 bde-column\">\n  \n  \n\t\n\n\n\n<div class=\"bde-rich-text-161-138 bde-rich-text breakdance-rich-text-styles\">\n<h2><span style=\"font-weight: 400;\">Taustatietoa K\u00e5rotista<\/span><\/h2>\n<p><span style=\"font-weight: 400;\">K\u00e5rot (K\u00e5nala-Rotterdam) on viulisti <\/span><a href=\"https:\/\/neamariakorpelainen.com\/\"><span style=\"font-weight: 400;\">Nea-Maria Korpelaisen<\/span><\/a><span style=\"font-weight: 400;\"> ja kielisoittaja <\/span><a href=\"https:\/\/www.jojarvi.com\/\"><span style=\"font-weight: 400;\">Joonas Ojaj\u00e4rven<\/span><\/a><span style=\"font-weight: 400;\"> vuonna 2025 perustama duo, joka syntyi j\u00e4sentens\u00e4 yhteisest\u00e4 tarpeesta luoda tekij\u00f6idens\u00e4 kuuloista musiikkia, vapaana tyylillisist\u00e4 tai taloudellisista ennakko-odotuksista.<\/span><\/p>\n<p><span style=\"font-weight: 400;\">Duon j\u00e4senill\u00e4 on vahva tausta pohjoismaisessa kansanmusiikissa ja opintoja useista muista musiikkityyleist\u00e4. K\u00e5rot ei l\u00e4ht\u00f6kohtaisesti halua lokeroitua mihink\u00e4\u00e4n yhteen genreen, mutta t\u00e4m\u00e4nhetkisen s\u00e4velaineiston perusteella sen musiikkia voisi luonnehtia hetkess\u00e4 el\u00e4v\u00e4ksi, hengitt\u00e4v\u00e4ksi nykykansanmusiikiksi.<\/span><\/p>\n<p><span style=\"font-weight: 400;\">Nea-Maria Korpelainen on musiikin tuplamaisteri (Codarts Rotterdam, Siba), joka t\u00e4ll\u00e4 hetkell\u00e4 ty\u00f6skentelee soitonopettajana kotikaupungissaan Rotterdamissa.<\/span><span style=\"font-weight: 400;\"><br \/><\/span><span style=\"font-weight: 400;\">Joonas Ojaj\u00e4rvi on maisteriksi (Siba) valmistuttuaan mm. s\u00e4velt\u00e4nyt ohjelmistoja kansantanssiryhmille ja esiintynyt ymp\u00e4ri Suomen, vieden kansanmusiikkia kouluihin ja palvelutaloihin.<\/span><\/p>\n<h2>\u00a0<\/h2>\n<\/div>\n<\/div><div class=\"bde-column-161-147 bde-column\">\n  \n  \n\t\n\n\n\n<div class=\"bde-rich-text-161-148 bde-rich-text breakdance-rich-text-styles\">\n<h2><span style=\"font-weight: 400;\">About K\u00e5rot<\/span><\/h2>\n<p><span style=\"font-weight: 400;\">K\u00e5rot (K\u00e5nala-Rotterdam) is a duo founded in 2025 by <\/span><a href=\"https:\/\/neamariakorpelainen.com\/\"><span style=\"font-weight: 400;\">Nea-Maria Korpelainen<\/span><\/a><span style=\"font-weight: 400;\"> (Master of Music Codarts Rotterdam, Master of Music SibA Helsinki) and <\/span><a href=\"https:\/\/www.jojarvi.com\/\"><span style=\"font-weight: 400;\">Joonas Ojaj\u00e4rvi<\/span><\/a><span style=\"font-weight: 400;\"> (Master of Music SibA). The project was born from a shared need to create music that authentically reflects its members, free from stylistic -or economic- preconceptions.<\/span><\/p>\n<p><span style=\"font-weight: 400;\">Both musicians have strong backgrounds in Nordic contemporary folk music and have also studied a variety of musical styles outside the Nordic countries. Drawing from these influences, they create rich, nuanced instrumental music rooted in and reshaping Nordic folk traditions\u2014music that lives and breathes in the moment.<\/span><\/p>\n<p><span style=\"font-weight: 400;\">Nea-Maria Korpelainen holds two master\u2019s degrees in music (Codarts Rotterdam, SibA Helsinki) and is at the moment working as a teacher in violin in her hometown of Rotterdam.<\/span><span style=\"font-weight: 400;\"><br \/><\/span><span style=\"font-weight: 400;\">Joonas Ojaj\u00e4rvi, after graduating as a Nordic Master in Folk Music (Siba Helsinki) has been performing around Finland, bringing traditional folk music to schools and retirement homes.<\/span><\/p>\n<h2>\u00a0<\/h2>\n<\/div>\n<\/div><\/div><\/div>\n<\/section><section class=\"bde-section-161-156 bde-section\">\n  \n  \n\t\n\n\n\n<div class=\"section-container\"><h2 class=\"bde-heading-161-157 bde-heading\">\nMusiikkin\u00e4ytteet & tilanne 10\/2025<br>Music samples how they are at the moment (October 2025)\n<\/h2><div class=\"bde-rich-text-161-200 bde-rich-text breakdance-rich-text-styles\">\n<p>Alla on elokuun ja lokakuun 2025 aika j\u00e4rjestettyjen, noin viikon mittaisien, sovitussessioiden aikana tehtyj\u00e4 harjoitus\u00e4\u00e4nitteit\u00e4. \u00c4\u00e4nitteill\u00e4 on pyritty ilment\u00e4m\u00e4\u00e4n rakennetta ja saamaan sovituksellisia ideoita talteen. Kappaleita ei ole viel\u00e4 sovitettu aivan valmiiksi, eik\u00e4 harjoiteltu.<br \/>\u00c4\u00e4nitteiden ohessa on kappaleiden alkuper\u00e4iset nuotinnokset.<\/p>\n<hr \/>\n<p>Below are practice recordings made during the roughly week-long arrangement sessions held in August and October 2025. The recordings aim to explore and scetch the structure\/form of the tunes and capture arrangement ideas. The pieces have not yet been fully arranged or rehearsed. Alongside the recordings are the original notations of the tunes.<\/p>\n<\/div><div class=\"bde-columns-161-158 bde-columns\"><div class=\"bde-column-161-159 bde-column\">\n  \n  \n\t\n\n\n\n<h4 class=\"bde-heading-161-160 bde-heading\">\nPolska py\u00f6reelle puulle (Polska for the block of round wood)\n<\/h4><div class=\"bde-shortcodewrapper-161-161 bde-shortcodewrapper\"><audio class=\"wp-audio-shortcode\" id=\"audio-161-1\" preload=\"none\" style=\"width: 100%;\" controls=\"controls\"><source type=\"audio\/mpeg\" src=\"https:\/\/www.jojarvi.com\/wp-content\/uploads\/2025\/10\/Polska-pyoreelle-puulle-10_2025.mp3?_=1\" \/><a href=\"https:\/\/www.jojarvi.com\/wp-content\/uploads\/2025\/10\/Polska-pyoreelle-puulle-10_2025.mp3\">https:\/\/www.jojarvi.com\/wp-content\/uploads\/2025\/10\/Polska-pyoreelle-puulle-10_2025.mp3<\/a><\/audio> <\/div><div class=\"bde-rich-text-161-162 bde-rich-text breakdance-rich-text-styles\">\n<p><span style=\"font-weight: 400;\">Joonaksen s\u00e4vellys, joka sovitettiin harjoitusviikolla elokuussa 2025.<\/span><\/p>\n<p><span style=\"font-weight: 400;\">\u201cPy\u00f6ree puu\u201d viittaa Esa Pakarisen <\/span><i><span style=\"font-weight: 400;\">Lent\u00e4v\u00e4 kalakukko<\/span><\/i><span style=\"font-weight: 400;\"> kappaleen kohtaan \u201c.<\/span><i><span style=\"font-weight: 400;\">..py\u00f6ree puukin siin\u00e4 vaihto jo k\u00e4tt\u00e4\u2026<\/span><\/i><span style=\"font-weight: 400;\">\u201d, joka kuulopuheiden mukaan tarkoitti halkoon k\u00e4tketyn viinapullon kiert\u00e4mist\u00e4 k\u00e4dest\u00e4 k\u00e4teen. T\u00e4llainen kuulemma oli tapana aikoinaan.<\/span><\/p>\n<hr \/>\n<p><span style=\"font-weight: 400;\">A polska by Joonas. This was arranged during the rehearsalweek in August 2025.<\/span><\/p>\n<p><span style=\"font-weight: 400;\">\u201cPy\u00f6ree puu\u201d\/a block of round shaped wood (or something) is mentioned in song <\/span><i><span style=\"font-weight: 400;\">Lent\u00e4v\u00e4 kalakukko<\/span><\/i><span style=\"font-weight: 400;\"> by Esa Pakarinen. We\u2019ve been told that during the old times when the train from Kuopio to Helsinki took considerably longer than nowadays, it was common to hide bottles of liquor inside blocks of firewood.<\/span><\/p>\n<\/div>\n<\/div><div class=\"bde-column-161-168 bde-column\">\n  \n  \n\t\n\n\n\n<div class=\"bde-shortcodewrapper-161-169 bde-shortcodewrapper\"><a href=\"https:\/\/www.jojarvi.com\/wp-content\/uploads\/2025\/10\/Polska-pyoreelle-puulle-2025.pdf\" class=\"pdfemb-viewer\" style=\"width:500px;\" data-width=\"500\" data-height=\"max\" data-toolbar=\"bottom\" data-toolbar-fixed=\"off\">Polska-pyoreelle-puulle-2025<\/a> <\/div>\n<\/div><\/div><\/div>\n<\/section><section class=\"bde-section-161-172 bde-section\">\n  \n  \n\t\n\n\n\n<div class=\"section-container\"><div class=\"bde-columns-161-174 bde-columns\"><div class=\"bde-column-161-175 bde-column\">\n  \n  \n\t\n\n\n\n<h4 class=\"bde-heading-161-176 bde-heading\">\nUusi keidas (The new oasis)\n<\/h4><div class=\"bde-shortcodewrapper-161-177 bde-shortcodewrapper\"><audio class=\"wp-audio-shortcode\" id=\"audio-161-2\" preload=\"none\" style=\"width: 100%;\" controls=\"controls\"><source type=\"audio\/mpeg\" src=\"https:\/\/www.jojarvi.com\/wp-content\/uploads\/2025\/10\/Uusi-keidas-10_2025.mp3?_=2\" \/><a href=\"https:\/\/www.jojarvi.com\/wp-content\/uploads\/2025\/10\/Uusi-keidas-10_2025.mp3\">https:\/\/www.jojarvi.com\/wp-content\/uploads\/2025\/10\/Uusi-keidas-10_2025.mp3<\/a><\/audio> <\/div><div class=\"bde-rich-text-161-178 bde-rich-text breakdance-rich-text-styles\">\n<p><span style=\"font-weight: 400;\">Joonaksen s\u00e4velt\u00e4m\u00e4 polska, joka alun perin oli pastissi ruotsalaisen pelimannin Hans Dahlforsin soittamasta polskasta <\/span><i><span style=\"font-weight: 400;\">Getingen<\/span><\/i><span style=\"font-weight: 400;\">, mutta jossa er\u00e4s kuulija oli kuulevinaan it\u00e4maisia s\u00e4vyj\u00e4.<\/span><\/p>\n<hr \/>\n<p><span style=\"font-weight: 400;\">A polska by Joonas. This was originally inspired by <\/span><i><span style=\"font-weight: 400;\">Getingen<\/span><\/i><span style=\"font-weight: 400;\"> a polska by Swedish musician Hans Dahlfors. But during a concert years back one audience member was convinced of the \u201coriental character\u201d of the tune.<\/span><\/p>\n<\/div>\n<\/div><div class=\"bde-column-161-179 bde-column\">\n  \n  \n\t\n\n\n\n<div class=\"bde-shortcodewrapper-161-180 bde-shortcodewrapper\"><a href=\"https:\/\/www.jojarvi.com\/wp-content\/uploads\/2025\/10\/Uusi_keidas.pdf\" class=\"pdfemb-viewer\" style=\"width:500px;\" data-width=\"500\" data-height=\"max\" data-toolbar=\"bottom\" data-toolbar-fixed=\"off\">Uusi_keidas<\/a> <\/div>\n<\/div><\/div><\/div>\n<\/section><section class=\"bde-section-161-181 bde-section\">\n  \n  \n\t\n\n\n\n<div class=\"section-container\"><div class=\"bde-columns-161-182 bde-columns\"><div class=\"bde-column-161-183 bde-column\">\n  \n  \n\t\n\n\n\n<h4 class=\"bde-heading-161-184 bde-heading\">\nSprinkhaan\n<\/h4><div class=\"bde-shortcodewrapper-161-185 bde-shortcodewrapper\"><audio class=\"wp-audio-shortcode\" id=\"audio-161-3\" preload=\"none\" style=\"width: 100%;\" controls=\"controls\"><source type=\"audio\/mpeg\" src=\"https:\/\/www.jojarvi.com\/wp-content\/uploads\/2025\/10\/Sprinkhaan-22.10.mp3?_=3\" \/><a href=\"https:\/\/www.jojarvi.com\/wp-content\/uploads\/2025\/10\/Sprinkhaan-22.10.mp3\">https:\/\/www.jojarvi.com\/wp-content\/uploads\/2025\/10\/Sprinkhaan-22.10.mp3<\/a><\/audio> <\/div><div class=\"bde-rich-text-161-186 bde-rich-text breakdance-rich-text-styles\">\n<p><span style=\"font-weight: 400;\">Nea-Marian s\u00e4vellys, jonka h\u00e4n esitteli duolle harjoitusviikolla elokuussa 2025. Lokakuun 2025 harjoitusviikolla kappaleesta tehtiin t\u00e4m\u00e4n \u00e4\u00e4nitteen mukainen sovitus, joka viimeistell\u00e4\u00e4n ja harjoitellaan ty\u00f6skentelykauden aikana.<\/span><\/p>\n<hr \/>\n<p><span style=\"font-weight: 400;\">Nea-Maria\u2019s tune, which she presented to the duo during the rehearsal week in August 2025. During the rehearsal week in October 2025 the tune was arranged as it is on this recording.<\/span><\/p>\n<\/div>\n<\/div><div class=\"bde-column-161-187 bde-column\">\n  \n  \n\t\n\n\n\n<div class=\"bde-shortcodewrapper-161-188 bde-shortcodewrapper\"><a href=\"https:\/\/www.jojarvi.com\/wp-content\/uploads\/2025\/10\/Sprinkhaan-Full-Score.pdf\" class=\"pdfemb-viewer\" style=\"width:500px;\" data-width=\"500\" data-height=\"max\" data-toolbar=\"bottom\" data-toolbar-fixed=\"off\">Sprinkhaan-Full-Score<\/a> <\/div>\n<\/div><\/div><\/div>\n<\/section><section class=\"bde-section-161-139 bde-section\">\n  \n  \n\t\n\n\n\n<div class=\"section-container\"><div class=\"bde-columns-161-141 bde-columns\"><div class=\"bde-column-161-142 bde-column\">\n  \n  \n\t\n\n\n\n<h4 class=\"bde-heading-161-155 bde-heading\">\nFabianin menuetti (Minuet for Fabian)\n<\/h4><div class=\"bde-shortcodewrapper-161-152 bde-shortcodewrapper\"><audio class=\"wp-audio-shortcode\" id=\"audio-161-4\" preload=\"none\" style=\"width: 100%;\" controls=\"controls\"><source type=\"audio\/mpeg\" src=\"https:\/\/www.jojarvi.com\/wp-content\/uploads\/2025\/10\/Fabianin-menuetti.mp3?_=4\" \/><a href=\"https:\/\/www.jojarvi.com\/wp-content\/uploads\/2025\/10\/Fabianin-menuetti.mp3\">https:\/\/www.jojarvi.com\/wp-content\/uploads\/2025\/10\/Fabianin-menuetti.mp3<\/a><\/audio> <\/div><div class=\"bde-rich-text-161-151 bde-rich-text breakdance-rich-text-styles\">\n<p><span style=\"font-weight: 400;\">Nea-Marian s\u00e4velt\u00e4m\u00e4 menuetti, jonka t\u00e4m\u00e4n hetkinen sovitus syntyi harjoitteluviikolla elokuussa 2025.<\/span><\/p>\n<hr \/>\n<p><span style=\"font-weight: 400;\">Nea-Maria\u2019s minuet which was arranged to its current state during the rehearsal week in August 2025.<\/span><\/p>\n<\/div><h4 class=\"bde-heading-161-171 bde-heading\">\nFabianin polska (Polska for Fabian)\n<\/h4><div class=\"bde-shortcodewrapper-161-150 bde-shortcodewrapper\"><audio class=\"wp-audio-shortcode\" id=\"audio-161-5\" preload=\"none\" style=\"width: 100%;\" controls=\"controls\"><source type=\"audio\/mpeg\" src=\"https:\/\/www.jojarvi.com\/wp-content\/uploads\/2025\/10\/Fabianin-polska-10_2025.mp3?_=5\" \/><a href=\"https:\/\/www.jojarvi.com\/wp-content\/uploads\/2025\/10\/Fabianin-polska-10_2025.mp3\">https:\/\/www.jojarvi.com\/wp-content\/uploads\/2025\/10\/Fabianin-polska-10_2025.mp3<\/a><\/audio> <\/div><div class=\"bde-rich-text-161-149 bde-rich-text breakdance-rich-text-styles\">\n<p><span style=\"font-weight: 400;\">Nea-Marian s\u00e4velt\u00e4m\u00e4 polska, jonka sovittaminen aloitettiin harjoitteluviikolla elokuussa 2025 ja saatiin nykyiseen tilaansa lokakuussa 2025. Sovitus viimeistell\u00e4\u00e4n ja harjoitellaan ty\u00f6skentelykauden aikana.<\/span><\/p>\n<hr \/>\n<p><span style=\"font-weight: 400;\">Nea-Maria\u2019s polska. We began arranging this one in August 2025 and got it to it\u2019s current state during the rehearsal week in October 2025.<\/span><\/p>\n<\/div>\n<\/div><div class=\"bde-column-161-145 bde-column\">\n  \n  \n\t\n\n\n\n<div class=\"bde-shortcodewrapper-161-153 bde-shortcodewrapper\"><a href=\"https:\/\/www.jojarvi.com\/wp-content\/uploads\/2025\/10\/Fabianin-Menuetti-ja-Polska-Full-Score.pdf\" class=\"pdfemb-viewer\" style=\"width:500px;\" data-width=\"500\" data-height=\"max\" data-toolbar=\"bottom\" data-toolbar-fixed=\"off\">Fabianin-Menuetti-ja-Polska-Full-Score<\/a> <\/div>\n<\/div><\/div><\/div>\n<\/section><section class=\"bde-section-161-189 bde-section\">\n  \n  \n\t\n\n\n\n<div class=\"section-container\"><div class=\"bde-columns-161-190 bde-columns\"><div class=\"bde-column-161-191 bde-column\">\n  \n  \n\t\n\n\n\n<h4 class=\"bde-heading-161-192 bde-heading\">\nLokakuun valssi (Waltz for October)\n<\/h4><div class=\"bde-shortcodewrapper-161-193 bde-shortcodewrapper\"><audio class=\"wp-audio-shortcode\" id=\"audio-161-6\" preload=\"none\" style=\"width: 100%;\" controls=\"controls\"><source type=\"audio\/mpeg\" src=\"https:\/\/www.jojarvi.com\/wp-content\/uploads\/2025\/10\/Lokakuun-valssi1.mp3?_=6\" \/><a href=\"https:\/\/www.jojarvi.com\/wp-content\/uploads\/2025\/10\/Lokakuun-valssi1.mp3\">https:\/\/www.jojarvi.com\/wp-content\/uploads\/2025\/10\/Lokakuun-valssi1.mp3<\/a><\/audio> <\/div><div class=\"bde-rich-text-161-194 bde-rich-text breakdance-rich-text-styles\">\n<p><span style=\"font-weight: 400;\">Joonaksen s\u00e4vellys, joka valmistui harjoitusviikolla lokakuussa (22.-26.10.2025) ja sit\u00e4 sovitettiin viikon mittaan. Kansiossa oleva tiedosto on kappaleen l\u00e4pisoitto rakenteessa. Sovitus tehd\u00e4\u00e4n loppuun ja harjoitellaan ty\u00f6skentelykauden aikana<\/span><\/p>\n<p><span style=\"font-weight: 400;\">Valssi on omistettu Suomen syksyisimm\u00e4lle kuukaudelle, sen v\u00e4reille, tuoksuille ja syv\u00e4lle haikeudelle, kun luonnon kierto tekee teht\u00e4v\u00e4\u00e4ns\u00e4 ja vanha kuolee uuden edelt\u00e4.<\/span><\/p>\n<hr \/>\n<p><span style=\"font-weight: 400;\">The composing of this tune was completed during the rehearsal week in October and it was arranged along the week. The sound file here is a playthrough of the tune as it is at the moment.\u00a0<\/span><\/p>\n<p><span style=\"font-weight: 400;\">The waltz is dedicated to Finland\u2019s most autumnal month \u2014 to its colors, scents, and deep wistfulness, as the cycle of nature runs its course and the old fades away to make way for the new.<\/span><\/p>\n<\/div>\n<\/div><div class=\"bde-column-161-198 bde-column\">\n  \n  \n\t\n\n\n\n<div class=\"bde-shortcodewrapper-161-199 bde-shortcodewrapper\"><a href=\"https:\/\/www.jojarvi.com\/wp-content\/uploads\/2025\/10\/Lokakuun-valssi-1.0.pdf\" class=\"pdfemb-viewer\" style=\"width:500px;\" data-width=\"500\" data-height=\"max\" data-toolbar=\"bottom\" data-toolbar-fixed=\"off\">Lokakuun-valssi-1.0<\/a> <\/div>\n<\/div><\/div><\/div>\n<\/section>","protected":false},"excerpt":{"rendered":"<p>K\u00e5rot Work in Progress Not for sharing \/ Ei jaettavaksi Photo: Joonas Ojaj\u00e4rvi Taustatietoa K\u00e5rotista K\u00e5rot (K\u00e5nala-Rotterdam) on viulisti Nea-Maria Korpelaisen ja kielisoittaja Joonas Ojaj\u00e4rven vuonna 2025 perustama duo, joka syntyi j\u00e4sentens\u00e4 yhteisest\u00e4 tarpeesta luoda tekij\u00f6idens\u00e4 kuuloista musiikkia, vapaana tyylillisist\u00e4 tai taloudellisista ennakko-odotuksista. Duon j\u00e4senill\u00e4 on vahva tausta pohjoismaisessa kansanmusiikissa ja opintoja useista muista musiikkityyleist\u00e4. [&hellip;]<\/p>\n","protected":false},"author":1,"featured_media":0,"parent":0,"menu_order":0,"comment_status":"closed","ping_status":"closed","template":"","meta":{"_breakdance_hide_in_design_set":false,"_breakdance_tags":"","footnotes":""},"class_list":["post-161","page","type-page","status-publish","hentry"],"_links":{"self":[{"href":"https:\/\/www.jojarvi.com\/index.php\/wp-json\/wp\/v2\/pages\/161","targetHints":{"allow":["GET"]}}],"collection":[{"href":"https:\/\/www.jojarvi.com\/index.php\/wp-json\/wp\/v2\/pages"}],"about":[{"href":"https:\/\/www.jojarvi.com\/index.php\/wp-json\/wp\/v2\/types\/page"}],"author":[{"embeddable":true,"href":"https:\/\/www.jojarvi.com\/index.php\/wp-json\/wp\/v2\/users\/1"}],"replies":[{"embeddable":true,"href":"https:\/\/www.jojarvi.com\/index.php\/wp-json\/wp\/v2\/comments?post=161"}],"version-history":[{"count":31,"href":"https:\/\/www.jojarvi.com\/index.php\/wp-json\/wp\/v2\/pages\/161\/revisions"}],"predecessor-version":[{"id":209,"href":"https:\/\/www.jojarvi.com\/index.php\/wp-json\/wp\/v2\/pages\/161\/revisions\/209"}],"wp:attachment":[{"href":"https:\/\/www.jojarvi.com\/index.php\/wp-json\/wp\/v2\/media?parent=161"}],"curies":[{"name":"wp","href":"https:\/\/api.w.org\/{rel}","templated":true}]}}